{"id":147,"date":"2020-04-14T16:21:31","date_gmt":"2020-04-14T20:21:31","guid":{"rendered":"http:\/\/development.website\/marblemaestro\/?page_id=147"},"modified":"2021-09-01T12:03:34","modified_gmt":"2021-09-01T16:03:34","slug":"accueil","status":"publish","type":"page","link":"https:\/\/www.marblemaestro.com\/fr\/","title":{"rendered":"Accueil"},"content":{"rendered":"<div class=\"gb-container gb-container-aed7bc51\"><div class=\"gb-inside-container\">\n<div class=\"gb-grid-wrapper gb-grid-wrapper-c6ca2607\">\n<div class=\"gb-grid-column gb-grid-column-c2b35133\"><div class=\"gb-container gb-container-c2b35133\"><div class=\"gb-inside-container\">\n\n<figure class=\"wp-block-image size-large\"><img decoding=\"async\" loading=\"lazy\" width=\"1024\" height=\"741\" src=\"https:\/\/www.marblemaestro.com\/wp-content\/uploads\/2021\/08\/home-01-1024x741.jpg\" alt=\"\" class=\"wp-image-250\" srcset=\"https:\/\/www.marblemaestro.com\/wp-content\/uploads\/2021\/08\/home-01-1024x741.jpg 1024w, https:\/\/www.marblemaestro.com\/wp-content\/uploads\/2021\/08\/home-01-300x217.jpg 300w, https:\/\/www.marblemaestro.com\/wp-content\/uploads\/2021\/08\/home-01-768x556.jpg 768w, https:\/\/www.marblemaestro.com\/wp-content\/uploads\/2021\/08\/home-01.jpg 1188w\" sizes=\"(max-width: 1024px) 100vw, 1024px\" \/><\/figure>\n\n<\/div><\/div><\/div>\n\n<div class=\"gb-grid-column gb-grid-column-1151fb8d\"><div class=\"gb-container gb-container-1151fb8d\"><div class=\"gb-inside-container\">\n\n<h2>Qui nous sommes<\/h2>\n\n\n\n<p>Nous sommes une fi\u00e8re entreprise familiale et nos clients sont au centre de ce que nous faisons. Nous visons \u00e0 d\u00e9passer les attentes de nos clients et \u00e0 aller au-del\u00e0 de ce que les entreprises de restauration font normalement. Nos techniciens form\u00e9s utilisent les meilleures techniques et outils du domaine pour redonner vie \u00e0 votre pierre.<\/p>\n\n\n\n<a class=\"cta\" href=\"https:\/\/www.marblemaestro.com\/fr\/a-propos\/\">En savoir plus<\/a>\n\n<\/div><\/div><\/div>\n<\/div>\n<\/div><\/div>\n\n<div class=\"gb-container gb-container-31684d41\"><div class=\"gb-inside-container\">\n<div class=\"gb-grid-wrapper gb-grid-wrapper-a9fd8b65\">\n<div class=\"gb-grid-column gb-grid-column-4c12e884\"><div class=\"gb-container gb-container-4c12e884\"><div class=\"gb-inside-container\">\n\n<h2><span class=\"has-inline-color has-white-color\">Ce que nous faisons<\/span><\/h2>\n\n\n\n<p><span class=\"has-inline-color has-white-color\">Nous avons une solution pour tous vos besoins d&rsquo;entretien des pierres. Nous offrons un service complet d&rsquo;entretien de pierre et de consultation pour le secteur r\u00e9sidentiel et commercial.<\/span><\/p>\n\n\n\n<a class=\"cta on-dark-bg\" href=\"https:\/\/www.marblemaestro.com\/fr\/services\/\">En savoir plus<\/a>\n\n<\/div><\/div><\/div>\n\n<div class=\"gb-grid-column gb-grid-column-a8e7fe6a\"><div class=\"gb-container gb-container-a8e7fe6a\"><div class=\"gb-inside-container\">\n\n<figure class=\"wp-block-image size-full\"><img decoding=\"async\" loading=\"lazy\" width=\"768\" height=\"576\" src=\"https:\/\/www.marblemaestro.com\/wp-content\/uploads\/2021\/08\/received_224248569587990.jpeg\" alt=\"\" class=\"wp-image-458\" srcset=\"https:\/\/www.marblemaestro.com\/wp-content\/uploads\/2021\/08\/received_224248569587990.jpeg 768w, https:\/\/www.marblemaestro.com\/wp-content\/uploads\/2021\/08\/received_224248569587990-300x225.jpeg 300w\" sizes=\"(max-width: 768px) 100vw, 768px\" \/><\/figure>\n\n<\/div><\/div><\/div>\n<\/div>\n<\/div><\/div>\n\n<div class=\"gb-container gb-container-6e8d8f1c\"><div class=\"gb-inside-container\">\n\n<div style=\"height:50px\" aria-hidden=\"true\" class=\"wp-block-spacer\"><\/div>\n\n\n\n<h2 class=\"has-text-align-center\">Nos Produits<\/h2>\n\n<\/div><\/div>\n\n<div class=\"gb-grid-wrapper gb-grid-wrapper-b0af4e84\">\n<div class=\"gb-grid-column gb-grid-column-f9fe48eb\"><div class=\"gb-container gb-container-f9fe48eb\"><div class=\"gb-inside-container\"><\/div><\/div><\/div>\n\n<div class=\"gb-grid-column gb-grid-column-cee76e9a\"><div class=\"gb-container gb-container-cee76e9a\"><div class=\"gb-inside-container\">\n\n<p>Nous offrons la gamme la meilleure et la plus compl\u00e8te de produits pour la pierre pr\u00eats \u00e0 restaurer et \u00e0 entretenir toutes vos surfaces de pierre et de carrelage.<\/p>\n\n<\/div><\/div><\/div>\n\n<div class=\"gb-grid-column gb-grid-column-b60cfd44\"><div class=\"gb-container gb-container-b60cfd44\"><div class=\"gb-inside-container\"><\/div><\/div><\/div>\n<\/div>","protected":false},"excerpt":{"rendered":"<p>Nos Produits<\/p>\n","protected":false},"author":6,"featured_media":245,"parent":0,"menu_order":0,"comment_status":"closed","ping_status":"closed","template":"","meta":{"ub_ctt_via":""},"featured_image_src":"https:\/\/www.marblemaestro.com\/wp-content\/uploads\/2020\/04\/home-banner.jpg","yoast_head":"<!-- This site is optimized with the Yoast SEO plugin v19.11 - https:\/\/yoast.com\/wordpress\/plugins\/seo\/ -->\n<title>Accueil - Marble Maestro<\/title>\n<meta name=\"description\" content=\"Ramenez \u00e0 vievos pierres! Experts en polissage, protection, entretien, r\u00e9paration,d\u00e9tachage et scellage de pierre.\" \/>\n<meta name=\"robots\" content=\"index, follow, max-snippet:-1, max-image-preview:large, max-video-preview:-1\" \/>\n<link rel=\"canonical\" href=\"https:\/\/www.marblemaestro.com\/fr\/\" \/>\n<meta property=\"og:locale\" content=\"fr_FR\" \/>\n<meta property=\"og:type\" content=\"article\" \/>\n<meta property=\"og:title\" content=\"Accueil - Marble Maestro\" \/>\n<meta property=\"og:description\" content=\"Ramenez \u00e0 vievos pierres! Experts en polissage, protection, entretien, r\u00e9paration,d\u00e9tachage et scellage de pierre.\" \/>\n<meta property=\"og:url\" content=\"https:\/\/www.marblemaestro.com\/fr\/\" \/>\n<meta property=\"og:site_name\" content=\"Marble Maestro\" \/>\n<meta property=\"article:publisher\" content=\"https:\/\/www.facebook.com\/Marble-Maestro-1436601356630003\" \/>\n<meta property=\"article:modified_time\" content=\"2021-09-01T16:03:34+00:00\" \/>\n<meta property=\"og:image\" content=\"https:\/\/www.marblemaestro.com\/wp-content\/uploads\/2020\/04\/home-banner.jpg\" \/>\n\t<meta property=\"og:image:width\" content=\"1920\" \/>\n\t<meta property=\"og:image:height\" content=\"941\" \/>\n\t<meta property=\"og:image:type\" content=\"image\/jpeg\" \/>\n<meta name=\"twitter:card\" content=\"summary_large_image\" \/>\n<meta name=\"twitter:label1\" content=\"Dur\u00e9e de lecture estim\u00e9e\" \/>\n\t<meta name=\"twitter:data1\" content=\"1 minute\" \/>\n<script type=\"application\/ld+json\" class=\"yoast-schema-graph\">{\"@context\":\"https:\/\/schema.org\",\"@graph\":[{\"@type\":\"WebPage\",\"@id\":\"https:\/\/www.marblemaestro.com\/fr\/\",\"url\":\"https:\/\/www.marblemaestro.com\/fr\/\",\"name\":\"Accueil - Marble Maestro\",\"isPartOf\":{\"@id\":\"https:\/\/www.marblemaestro.com\/fr\/#website\"},\"datePublished\":\"2020-04-14T20:21:31+00:00\",\"dateModified\":\"2021-09-01T16:03:34+00:00\",\"description\":\"Ramenez \u00e0 vievos pierres! Experts en polissage, protection, entretien, r\u00e9paration,d\u00e9tachage et scellage de pierre.\",\"breadcrumb\":{\"@id\":\"https:\/\/www.marblemaestro.com\/fr\/#breadcrumb\"},\"inLanguage\":\"fr-FR\",\"potentialAction\":[{\"@type\":\"ReadAction\",\"target\":[\"https:\/\/www.marblemaestro.com\/fr\/\"]}]},{\"@type\":\"BreadcrumbList\",\"@id\":\"https:\/\/www.marblemaestro.com\/fr\/#breadcrumb\",\"itemListElement\":[{\"@type\":\"ListItem\",\"position\":1,\"name\":\"Home\",\"item\":\"https:\/\/www.marblemaestro.com\/fr\/accueil\/\"},{\"@type\":\"ListItem\",\"position\":2,\"name\":\"Accueil\"}]},{\"@type\":\"WebSite\",\"@id\":\"https:\/\/www.marblemaestro.com\/fr\/#website\",\"url\":\"https:\/\/www.marblemaestro.com\/fr\/\",\"name\":\"Marble Maestro\",\"description\":\"Specialists in marble polishing and maintenance\",\"publisher\":{\"@id\":\"https:\/\/www.marblemaestro.com\/fr\/#organization\"},\"potentialAction\":[{\"@type\":\"SearchAction\",\"target\":{\"@type\":\"EntryPoint\",\"urlTemplate\":\"https:\/\/www.marblemaestro.com\/fr\/?s={search_term_string}\"},\"query-input\":\"required name=search_term_string\"}],\"inLanguage\":\"fr-FR\"},{\"@type\":\"Organization\",\"@id\":\"https:\/\/www.marblemaestro.com\/fr\/#organization\",\"name\":\"Marble Maestro\",\"url\":\"https:\/\/www.marblemaestro.com\/fr\/\",\"logo\":{\"@type\":\"ImageObject\",\"inLanguage\":\"fr-FR\",\"@id\":\"https:\/\/www.marblemaestro.com\/fr\/#\/schema\/logo\/image\/\",\"url\":\"https:\/\/www.marblemaestro.com\/wp-content\/uploads\/2021\/08\/marblemaestro-logo.png\",\"contentUrl\":\"https:\/\/www.marblemaestro.com\/wp-content\/uploads\/2021\/08\/marblemaestro-logo.png\",\"width\":500,\"height\":106,\"caption\":\"Marble Maestro\"},\"image\":{\"@id\":\"https:\/\/www.marblemaestro.com\/fr\/#\/schema\/logo\/image\/\"},\"sameAs\":[\"https:\/\/www.instagram.com\/marblemaestro\/\",\"https:\/\/www.linkedin.com\/company\/marblemaestro\/?viewAsMember=true\",\"https:\/\/www.facebook.com\/Marble-Maestro-1436601356630003\"]}]}<\/script>\n<!-- \/ Yoast SEO plugin. -->","yoast_head_json":{"title":"Accueil - Marble Maestro","description":"Ramenez \u00e0 vievos pierres! Experts en polissage, protection, entretien, r\u00e9paration,d\u00e9tachage et scellage de pierre.","robots":{"index":"index","follow":"follow","max-snippet":"max-snippet:-1","max-image-preview":"max-image-preview:large","max-video-preview":"max-video-preview:-1"},"canonical":"https:\/\/www.marblemaestro.com\/fr\/","og_locale":"fr_FR","og_type":"article","og_title":"Accueil - Marble Maestro","og_description":"Ramenez \u00e0 vievos pierres! Experts en polissage, protection, entretien, r\u00e9paration,d\u00e9tachage et scellage de pierre.","og_url":"https:\/\/www.marblemaestro.com\/fr\/","og_site_name":"Marble Maestro","article_publisher":"https:\/\/www.facebook.com\/Marble-Maestro-1436601356630003","article_modified_time":"2021-09-01T16:03:34+00:00","og_image":[{"width":1920,"height":941,"url":"https:\/\/www.marblemaestro.com\/wp-content\/uploads\/2020\/04\/home-banner.jpg","type":"image\/jpeg"}],"twitter_card":"summary_large_image","twitter_misc":{"Dur\u00e9e de lecture estim\u00e9e":"1 minute"},"schema":{"@context":"https:\/\/schema.org","@graph":[{"@type":"WebPage","@id":"https:\/\/www.marblemaestro.com\/fr\/","url":"https:\/\/www.marblemaestro.com\/fr\/","name":"Accueil - Marble Maestro","isPartOf":{"@id":"https:\/\/www.marblemaestro.com\/fr\/#website"},"datePublished":"2020-04-14T20:21:31+00:00","dateModified":"2021-09-01T16:03:34+00:00","description":"Ramenez \u00e0 vievos pierres! Experts en polissage, protection, entretien, r\u00e9paration,d\u00e9tachage et scellage de pierre.","breadcrumb":{"@id":"https:\/\/www.marblemaestro.com\/fr\/#breadcrumb"},"inLanguage":"fr-FR","potentialAction":[{"@type":"ReadAction","target":["https:\/\/www.marblemaestro.com\/fr\/"]}]},{"@type":"BreadcrumbList","@id":"https:\/\/www.marblemaestro.com\/fr\/#breadcrumb","itemListElement":[{"@type":"ListItem","position":1,"name":"Home","item":"https:\/\/www.marblemaestro.com\/fr\/accueil\/"},{"@type":"ListItem","position":2,"name":"Accueil"}]},{"@type":"WebSite","@id":"https:\/\/www.marblemaestro.com\/fr\/#website","url":"https:\/\/www.marblemaestro.com\/fr\/","name":"Marble Maestro","description":"Specialists in marble polishing and maintenance","publisher":{"@id":"https:\/\/www.marblemaestro.com\/fr\/#organization"},"potentialAction":[{"@type":"SearchAction","target":{"@type":"EntryPoint","urlTemplate":"https:\/\/www.marblemaestro.com\/fr\/?s={search_term_string}"},"query-input":"required name=search_term_string"}],"inLanguage":"fr-FR"},{"@type":"Organization","@id":"https:\/\/www.marblemaestro.com\/fr\/#organization","name":"Marble Maestro","url":"https:\/\/www.marblemaestro.com\/fr\/","logo":{"@type":"ImageObject","inLanguage":"fr-FR","@id":"https:\/\/www.marblemaestro.com\/fr\/#\/schema\/logo\/image\/","url":"https:\/\/www.marblemaestro.com\/wp-content\/uploads\/2021\/08\/marblemaestro-logo.png","contentUrl":"https:\/\/www.marblemaestro.com\/wp-content\/uploads\/2021\/08\/marblemaestro-logo.png","width":500,"height":106,"caption":"Marble Maestro"},"image":{"@id":"https:\/\/www.marblemaestro.com\/fr\/#\/schema\/logo\/image\/"},"sameAs":["https:\/\/www.instagram.com\/marblemaestro\/","https:\/\/www.linkedin.com\/company\/marblemaestro\/?viewAsMember=true","https:\/\/www.facebook.com\/Marble-Maestro-1436601356630003"]}]}},"_links":{"self":[{"href":"https:\/\/www.marblemaestro.com\/fr\/wp-json\/wp\/v2\/pages\/147"}],"collection":[{"href":"https:\/\/www.marblemaestro.com\/fr\/wp-json\/wp\/v2\/pages"}],"about":[{"href":"https:\/\/www.marblemaestro.com\/fr\/wp-json\/wp\/v2\/types\/page"}],"author":[{"embeddable":true,"href":"https:\/\/www.marblemaestro.com\/fr\/wp-json\/wp\/v2\/users\/6"}],"replies":[{"embeddable":true,"href":"https:\/\/www.marblemaestro.com\/fr\/wp-json\/wp\/v2\/comments?post=147"}],"version-history":[{"count":0,"href":"https:\/\/www.marblemaestro.com\/fr\/wp-json\/wp\/v2\/pages\/147\/revisions"}],"wp:featuredmedia":[{"embeddable":true,"href":"https:\/\/www.marblemaestro.com\/fr\/wp-json\/wp\/v2\/media\/245"}],"wp:attachment":[{"href":"https:\/\/www.marblemaestro.com\/fr\/wp-json\/wp\/v2\/media?parent=147"}],"curies":[{"name":"wp","href":"https:\/\/api.w.org\/{rel}","templated":true}]}}